{"id":74,"date":"2023-11-08T12:04:54","date_gmt":"2023-11-08T12:04:54","guid":{"rendered":"https:\/\/grions.com\/menu\/"},"modified":"2026-04-01T07:35:26","modified_gmt":"2026-04-01T07:35:26","slug":"menu","status":"publish","type":"page","link":"https:\/\/grions.com\/ca\/menu\/","title":{"rendered":"Men\u00fa"},"content":{"rendered":"<div data-elementor-type=\"wp-page\" data-elementor-id=\"74\" class=\"elementor elementor-74\" data-elementor-post-type=\"page\">\n\t\t\t\t<div class=\"elementor-element elementor-element-25fcb1d0 e-flex e-con-boxed e-con e-parent\" data-id=\"25fcb1d0\" data-element_type=\"container\" data-settings=\"{&quot;background_background&quot;:&quot;classic&quot;}\">\n\t\t\t\t\t<div class=\"e-con-inner\">\n\t\t\t\t<div class=\"elementor-element elementor-element-4df9997c elementor-widget elementor-widget-heading\" data-id=\"4df9997c\" data-element_type=\"widget\" data-widget_type=\"heading.default\">\n\t\t\t\t<div class=\"elementor-widget-container\">\n\t\t\t<style>\/*! elementor - v3.23.0 - 25-07-2024 *\/\n.elementor-heading-title{padding:0;margin:0;line-height:1}.elementor-widget-heading .elementor-heading-title[class*=elementor-size-]>a{color:inherit;font-size:inherit;line-height:inherit}.elementor-widget-heading .elementor-heading-title.elementor-size-small{font-size:15px}.elementor-widget-heading .elementor-heading-title.elementor-size-medium{font-size:19px}.elementor-widget-heading .elementor-heading-title.elementor-size-large{font-size:29px}.elementor-widget-heading .elementor-heading-title.elementor-size-xl{font-size:39px}.elementor-widget-heading .elementor-heading-title.elementor-size-xxl{font-size:59px}<\/style><h1 class=\"elementor-heading-title elementor-size-default\">Men\u00fas<\/h1>\t\t<\/div>\n\t\t\t\t<\/div>\n\t\t<div class=\"elementor-element elementor-element-d058a14 e-con-full e-flex e-con e-child\" data-id=\"d058a14\" data-element_type=\"container\">\n\t\t\t\t<div class=\"elementor-element elementor-element-97b15fa elementor-widget elementor-widget-text-editor\" data-id=\"97b15fa\" data-element_type=\"widget\" data-widget_type=\"text-editor.default\">\n\t\t\t\t<div class=\"elementor-widget-container\">\n\t\t\t<style>\/*! elementor - v3.23.0 - 25-07-2024 *\/\n.elementor-widget-text-editor.elementor-drop-cap-view-stacked .elementor-drop-cap{background-color:#69727d;color:#fff}.elementor-widget-text-editor.elementor-drop-cap-view-framed .elementor-drop-cap{color:#69727d;border:3px solid;background-color:transparent}.elementor-widget-text-editor:not(.elementor-drop-cap-view-default) .elementor-drop-cap{margin-top:8px}.elementor-widget-text-editor:not(.elementor-drop-cap-view-default) .elementor-drop-cap-letter{width:1em;height:1em}.elementor-widget-text-editor .elementor-drop-cap{float:left;text-align:center;line-height:1;font-size:50px}.elementor-widget-text-editor .elementor-drop-cap-letter{display:inline-block}<\/style>\t\t\t\t<p>Al restaurant Grions podreu degustar els plats m\u00e9s exquisits de la cuina catalana. La nostra carta est\u00e0 elaborada amb productes mediterranis i de temporada.<\/p>\t\t\t\t\t\t<\/div>\n\t\t\t\t<\/div>\n\t\t\t\t<\/div>\n\t\t\t\t\t<\/div>\n\t\t\t\t<\/div>\n\t\t<div class=\"elementor-element elementor-element-61ade85 e-flex e-con-boxed e-con e-parent\" data-id=\"61ade85\" data-element_type=\"container\" data-settings=\"{&quot;background_background&quot;:&quot;classic&quot;}\">\n\t\t\t\t\t<div class=\"e-con-inner\">\n\t\t<div class=\"elementor-element elementor-element-7cb0ee3 e-flex e-con-boxed e-con e-child\" data-id=\"7cb0ee3\" data-element_type=\"container\">\n\t\t\t\t\t<div class=\"e-con-inner\">\n\t\t<div class=\"elementor-element elementor-element-d653606 e-con-full e-flex e-con e-child\" data-id=\"d653606\" data-element_type=\"container\">\n\t\t\t\t<div class=\"elementor-element elementor-element-d466d88 elementor-position-top elementor-widget elementor-widget-image-box\" data-id=\"d466d88\" data-element_type=\"widget\" data-widget_type=\"image-box.default\">\n\t\t\t\t<div class=\"elementor-widget-container\">\n\t\t\t<style>\/*! elementor - v3.23.0 - 25-07-2024 *\/\n.elementor-widget-image-box .elementor-image-box-content{width:100%}@media (min-width:768px){.elementor-widget-image-box.elementor-position-left .elementor-image-box-wrapper,.elementor-widget-image-box.elementor-position-right .elementor-image-box-wrapper{display:flex}.elementor-widget-image-box.elementor-position-right .elementor-image-box-wrapper{text-align:end;flex-direction:row-reverse}.elementor-widget-image-box.elementor-position-left .elementor-image-box-wrapper{text-align:start;flex-direction:row}.elementor-widget-image-box.elementor-position-top .elementor-image-box-img{margin:auto}.elementor-widget-image-box.elementor-vertical-align-top .elementor-image-box-wrapper{align-items:flex-start}.elementor-widget-image-box.elementor-vertical-align-middle .elementor-image-box-wrapper{align-items:center}.elementor-widget-image-box.elementor-vertical-align-bottom .elementor-image-box-wrapper{align-items:flex-end}}@media (max-width:767px){.elementor-widget-image-box .elementor-image-box-img{margin-left:auto!important;margin-right:auto!important;margin-bottom:15px}}.elementor-widget-image-box .elementor-image-box-img{display:inline-block}.elementor-widget-image-box .elementor-image-box-title a{color:inherit}.elementor-widget-image-box .elementor-image-box-wrapper{text-align:center}.elementor-widget-image-box .elementor-image-box-description{margin:0}<\/style><div class=\"elementor-image-box-wrapper\"><figure class=\"elementor-image-box-img\"><a href=\"https:\/\/grions.com\/wp-content\/uploads\/2026\/04\/MENU-1-setmana-santa.pdf\" target=\"_blank\" tabindex=\"-1\"><img fetchpriority=\"high\" decoding=\"async\" width=\"300\" height=\"225\" src=\"https:\/\/grions.com\/wp-content\/uploads\/2025\/02\/20200626_215813-300x225.jpg\" class=\"attachment-medium size-medium wp-image-820\" alt=\"\" srcset=\"https:\/\/grions.com\/wp-content\/uploads\/2025\/02\/20200626_215813-300x225.jpg 300w, https:\/\/grions.com\/wp-content\/uploads\/2025\/02\/20200626_215813-1024x768.jpg 1024w, https:\/\/grions.com\/wp-content\/uploads\/2025\/02\/20200626_215813-768x576.jpg 768w, https:\/\/grions.com\/wp-content\/uploads\/2025\/02\/20200626_215813-1536x1152.jpg 1536w, https:\/\/grions.com\/wp-content\/uploads\/2025\/02\/20200626_215813-2048x1536.jpg 2048w, https:\/\/grions.com\/wp-content\/uploads\/2025\/02\/20200626_215813-16x12.jpg 16w\" sizes=\"(max-width: 300px) 100vw, 300px\" \/><\/a><\/figure><div class=\"elementor-image-box-content\"><h3 class=\"elementor-image-box-title\"><a href=\"https:\/\/grions.com\/wp-content\/uploads\/2026\/04\/MENU-1-setmana-santa.pdf\" target=\"_blank\">Men\u00fa Grions Setmana Santa<\/a><\/h3><\/div><\/div>\t\t<\/div>\n\t\t\t\t<\/div>\n\t\t\t\t<div class=\"elementor-element elementor-element-11ec142 elementor-align-center elementor-widget elementor-widget-button\" data-id=\"11ec142\" data-element_type=\"widget\" data-widget_type=\"button.default\">\n\t\t\t\t<div class=\"elementor-widget-container\">\n\t\t\t\t\t<div class=\"elementor-button-wrapper\">\n\t\t\t<a class=\"elementor-button elementor-button-link elementor-size-sm elementor-animation-shrink\" href=\"https:\/\/grions.com\/wp-content\/uploads\/2026\/04\/MENU-1-setmana-santa.pdf\" target=\"_blank\">\n\t\t\t\t\t\t<span class=\"elementor-button-content-wrapper\">\n\t\t\t\t\t\t\t\t\t<span class=\"elementor-button-text\">Veure Men\u00fa<\/span>\n\t\t\t\t\t<\/span>\n\t\t\t\t\t<\/a>\n\t\t<\/div>\n\t\t\t\t<\/div>\n\t\t\t\t<\/div>\n\t\t\t\t<\/div>\n\t\t<div class=\"elementor-element elementor-element-4685543 e-con-full elementor-hidden-desktop elementor-hidden-tablet elementor-hidden-mobile e-flex e-con e-child\" data-id=\"4685543\" data-element_type=\"container\">\n\t\t\t\t<div class=\"elementor-element elementor-element-00949bc elementor-position-top elementor-widget elementor-widget-image-box\" data-id=\"00949bc\" data-element_type=\"widget\" data-widget_type=\"image-box.default\">\n\t\t\t\t<div class=\"elementor-widget-container\">\n\t\t\t<div class=\"elementor-image-box-wrapper\"><figure class=\"elementor-image-box-img\"><a href=\"https:\/\/grions.com\/wp-content\/uploads\/2025\/11\/MENU-NADAL-2025.pdf\" target=\"_blank\" tabindex=\"-1\"><img decoding=\"async\" width=\"300\" height=\"225\" src=\"https:\/\/grions.com\/wp-content\/uploads\/2024\/03\/1.12-300x225.jpg\" class=\"attachment-medium size-medium wp-image-559\" alt=\"\" srcset=\"https:\/\/grions.com\/wp-content\/uploads\/2024\/03\/1.12-300x225.jpg 300w, https:\/\/grions.com\/wp-content\/uploads\/2024\/03\/1.12-1024x768.jpg 1024w, https:\/\/grions.com\/wp-content\/uploads\/2024\/03\/1.12-768x576.jpg 768w, https:\/\/grions.com\/wp-content\/uploads\/2024\/03\/1.12-1536x1152.jpg 1536w, https:\/\/grions.com\/wp-content\/uploads\/2024\/03\/1.12-2048x1536.jpg 2048w\" sizes=\"(max-width: 300px) 100vw, 300px\" \/><\/a><\/figure><div class=\"elementor-image-box-content\"><h3 class=\"elementor-image-box-title\"><a href=\"https:\/\/grions.com\/wp-content\/uploads\/2025\/11\/MENU-NADAL-2025.pdf\" target=\"_blank\">Men\u00fa De Nadal<\/a><\/h3><\/div><\/div>\t\t<\/div>\n\t\t\t\t<\/div>\n\t\t\t\t<div class=\"elementor-element elementor-element-8c1c0f8 elementor-align-center elementor-widget elementor-widget-button\" data-id=\"8c1c0f8\" data-element_type=\"widget\" data-widget_type=\"button.default\">\n\t\t\t\t<div class=\"elementor-widget-container\">\n\t\t\t\t\t<div class=\"elementor-button-wrapper\">\n\t\t\t<a class=\"elementor-button elementor-button-link elementor-size-sm elementor-animation-shrink\" href=\"https:\/\/grions.com\/wp-content\/uploads\/2025\/11\/MENU-NADAL-2025.pdf\" target=\"_blank\">\n\t\t\t\t\t\t<span class=\"elementor-button-content-wrapper\">\n\t\t\t\t\t\t\t\t\t<span class=\"elementor-button-text\">Veure Men\u00fa<\/span>\n\t\t\t\t\t<\/span>\n\t\t\t\t\t<\/a>\n\t\t<\/div>\n\t\t\t\t<\/div>\n\t\t\t\t<\/div>\n\t\t\t\t<\/div>\n\t\t<div class=\"elementor-element elementor-element-7a8eade e-con-full elementor-hidden-desktop elementor-hidden-tablet elementor-hidden-mobile e-flex e-con e-child\" data-id=\"7a8eade\" data-element_type=\"container\">\n\t\t\t\t<div class=\"elementor-element elementor-element-96147a2 elementor-position-top elementor-widget elementor-widget-image-box\" data-id=\"96147a2\" data-element_type=\"widget\" data-widget_type=\"image-box.default\">\n\t\t\t\t<div class=\"elementor-widget-container\">\n\t\t\t<div class=\"elementor-image-box-wrapper\"><figure class=\"elementor-image-box-img\"><a href=\"https:\/\/grions.com\/wp-content\/uploads\/2025\/12\/MENU-FESTES-NADALENQUES-2025.pdf\" target=\"_blank\" tabindex=\"-1\"><img decoding=\"async\" width=\"2150\" height=\"2184\" src=\"https:\/\/grions.com\/wp-content\/uploads\/2024\/03\/Captura-de-pantalla-2024-03-19-a-las-23.51.36.png\" class=\"attachment-full size-full wp-image-616\" alt=\"\" srcset=\"https:\/\/grions.com\/wp-content\/uploads\/2024\/03\/Captura-de-pantalla-2024-03-19-a-las-23.51.36.png 2150w, https:\/\/grions.com\/wp-content\/uploads\/2024\/03\/Captura-de-pantalla-2024-03-19-a-las-23.51.36-295x300.png 295w, https:\/\/grions.com\/wp-content\/uploads\/2024\/03\/Captura-de-pantalla-2024-03-19-a-las-23.51.36-1008x1024.png 1008w, https:\/\/grions.com\/wp-content\/uploads\/2024\/03\/Captura-de-pantalla-2024-03-19-a-las-23.51.36-768x780.png 768w, https:\/\/grions.com\/wp-content\/uploads\/2024\/03\/Captura-de-pantalla-2024-03-19-a-las-23.51.36-1512x1536.png 1512w, https:\/\/grions.com\/wp-content\/uploads\/2024\/03\/Captura-de-pantalla-2024-03-19-a-las-23.51.36-2016x2048.png 2016w\" sizes=\"(max-width: 2150px) 100vw, 2150px\" \/><\/a><\/figure><div class=\"elementor-image-box-content\"><h3 class=\"elementor-image-box-title\"><a href=\"https:\/\/grions.com\/wp-content\/uploads\/2025\/12\/MENU-FESTES-NADALENQUES-2025.pdf\" target=\"_blank\">Men\u00fa Especial<\/a><\/h3><\/div><\/div>\t\t<\/div>\n\t\t\t\t<\/div>\n\t\t\t\t<div class=\"elementor-element elementor-element-0e025bc elementor-align-center elementor-widget elementor-widget-button\" data-id=\"0e025bc\" data-element_type=\"widget\" data-widget_type=\"button.default\">\n\t\t\t\t<div class=\"elementor-widget-container\">\n\t\t\t\t\t<div class=\"elementor-button-wrapper\">\n\t\t\t<a class=\"elementor-button elementor-button-link elementor-size-sm elementor-animation-shrink\" href=\"https:\/\/grions.com\/wp-content\/uploads\/2025\/12\/MENU-FESTES-NADALENQUES-2025.pdf\" target=\"_blank\">\n\t\t\t\t\t\t<span class=\"elementor-button-content-wrapper\">\n\t\t\t\t\t\t\t\t\t<span class=\"elementor-button-text\">Veure Men\u00fa<\/span>\n\t\t\t\t\t<\/span>\n\t\t\t\t\t<\/a>\n\t\t<\/div>\n\t\t\t\t<\/div>\n\t\t\t\t<\/div>\n\t\t\t\t<\/div>\n\t\t<div class=\"elementor-element elementor-element-d37a8ca e-con-full elementor-hidden-desktop elementor-hidden-tablet elementor-hidden-mobile e-flex e-con e-child\" data-id=\"d37a8ca\" data-element_type=\"container\">\n\t\t\t\t<div class=\"elementor-element elementor-element-6ee7222 elementor-position-top elementor-widget elementor-widget-image-box\" data-id=\"6ee7222\" data-element_type=\"widget\" data-widget_type=\"image-box.default\">\n\t\t\t\t<div class=\"elementor-widget-container\">\n\t\t\t<div class=\"elementor-image-box-wrapper\"><figure class=\"elementor-image-box-img\"><a href=\"https:\/\/grions.com\/wp-content\/uploads\/2025\/11\/MENU-CAP-DANY-2026.pdf\" target=\"_blank\" tabindex=\"-1\"><img loading=\"lazy\" decoding=\"async\" width=\"2560\" height=\"1152\" src=\"https:\/\/grions.com\/wp-content\/uploads\/2024\/03\/1.13-scaled.jpg\" class=\"attachment-full size-full wp-image-560\" alt=\"\" srcset=\"https:\/\/grions.com\/wp-content\/uploads\/2024\/03\/1.13-scaled.jpg 2560w, https:\/\/grions.com\/wp-content\/uploads\/2024\/03\/1.13-300x135.jpg 300w, https:\/\/grions.com\/wp-content\/uploads\/2024\/03\/1.13-1024x461.jpg 1024w, https:\/\/grions.com\/wp-content\/uploads\/2024\/03\/1.13-768x346.jpg 768w, https:\/\/grions.com\/wp-content\/uploads\/2024\/03\/1.13-1536x691.jpg 1536w, https:\/\/grions.com\/wp-content\/uploads\/2024\/03\/1.13-2048x922.jpg 2048w\" sizes=\"(max-width: 2560px) 100vw, 2560px\" \/><\/a><\/figure><div class=\"elementor-image-box-content\"><h3 class=\"elementor-image-box-title\"><a href=\"https:\/\/grions.com\/wp-content\/uploads\/2025\/11\/MENU-CAP-DANY-2026.pdf\" target=\"_blank\">Men\u00fa Cap d'Any<\/a><\/h3><\/div><\/div>\t\t<\/div>\n\t\t\t\t<\/div>\n\t\t\t\t<div class=\"elementor-element elementor-element-6a1a6ba elementor-align-center elementor-widget elementor-widget-button\" data-id=\"6a1a6ba\" data-element_type=\"widget\" data-widget_type=\"button.default\">\n\t\t\t\t<div class=\"elementor-widget-container\">\n\t\t\t\t\t<div class=\"elementor-button-wrapper\">\n\t\t\t<a class=\"elementor-button elementor-button-link elementor-size-sm elementor-animation-shrink\" href=\"https:\/\/grions.com\/wp-content\/uploads\/2025\/11\/MENU-CAP-DANY-2026.pdf\" target=\"_blank\">\n\t\t\t\t\t\t<span class=\"elementor-button-content-wrapper\">\n\t\t\t\t\t\t\t\t\t<span class=\"elementor-button-text\">Veure Men\u00fa<\/span>\n\t\t\t\t\t<\/span>\n\t\t\t\t\t<\/a>\n\t\t<\/div>\n\t\t\t\t<\/div>\n\t\t\t\t<\/div>\n\t\t\t\t<\/div>\n\t\t\t\t\t<\/div>\n\t\t\t\t<\/div>\n\t\t\t\t\t<\/div>\n\t\t\t\t<\/div>\n\t\t\t\t<\/div>","protected":false},"excerpt":{"rendered":"<p>Men\u00fas En el Restaurante Grions podr\u00e1 degustar los platos m\u00e1s exquisitos de la cocina catalana. Nuestra carta est\u00e1 elaborada con productos mediterr\u00e1neos y de temporada. Men\u00fa Grions Setmana Santa Ver Men\u00fa Men\u00fa de Navidad Ver Men\u00fa Men\u00fa Especial Ver Men\u00fa Men\u00fa Fin de A\u00f1o Ver Men\u00fa<\/p>","protected":false},"author":1,"featured_media":0,"parent":0,"menu_order":0,"comment_status":"closed","ping_status":"closed","template":"elementor_header_footer","meta":{"footnotes":""},"class_list":["post-74","page","type-page","status-publish","hentry"],"acf":[],"yoast_head":"<!-- This site is optimized with the Yoast SEO plugin v23.1 - https:\/\/yoast.com\/wordpress\/plugins\/seo\/ -->\n<title>Menu | Restaurante Can Grions<\/title>\n<meta name=\"description\" content=\"Men\u00fas En el Restaurante Grions podr\u00e1 degustar los platos m\u00e1s exquisitos de la cocina catalana. Nuestra carta est\u00e1 elaborada con productos mediterr\u00e1neos y\" \/>\n<meta name=\"robots\" content=\"index, follow, max-snippet:-1, max-image-preview:large, max-video-preview:-1\" \/>\n<link rel=\"canonical\" href=\"https:\/\/grions.com\/ca\/menu\/\" \/>\n<meta property=\"og:locale\" content=\"ca_ES\" \/>\n<meta property=\"og:type\" content=\"article\" \/>\n<meta property=\"og:title\" content=\"Menu | Restaurante Can Grions\" \/>\n<meta property=\"og:description\" content=\"Men\u00fas En el Restaurante Grions podr\u00e1 degustar los platos m\u00e1s exquisitos de la cocina catalana. Nuestra carta est\u00e1 elaborada con productos mediterr\u00e1neos y\" \/>\n<meta property=\"og:url\" content=\"https:\/\/grions.com\/ca\/menu\/\" \/>\n<meta property=\"og:site_name\" content=\"Restaurante Can Grions\" \/>\n<meta property=\"article:modified_time\" content=\"2026-04-01T07:35:26+00:00\" \/>\n<meta property=\"og:image\" content=\"https:\/\/grions.com\/wp-content\/uploads\/2025\/02\/20200626_215813-300x225.jpg\" \/>\n<meta name=\"twitter:card\" content=\"summary_large_image\" \/>\n<meta name=\"twitter:label1\" content=\"Temps estimat de lectura\" \/>\n\t<meta name=\"twitter:data1\" content=\"1 minut\" \/>\n<script type=\"application\/ld+json\" class=\"yoast-schema-graph\">{\"@context\":\"https:\/\/schema.org\",\"@graph\":[{\"@type\":\"WebPage\",\"@id\":\"https:\/\/grions.com\/menu\/\",\"url\":\"https:\/\/grions.com\/menu\/\",\"name\":\"Menu | Restaurante Can Grions\",\"isPartOf\":{\"@id\":\"https:\/\/grions.com\/#website\"},\"primaryImageOfPage\":{\"@id\":\"https:\/\/grions.com\/menu\/#primaryimage\"},\"image\":{\"@id\":\"https:\/\/grions.com\/menu\/#primaryimage\"},\"thumbnailUrl\":\"https:\/\/grions.com\/wp-content\/uploads\/2025\/02\/20200626_215813-300x225.jpg\",\"datePublished\":\"2023-11-08T12:04:54+00:00\",\"dateModified\":\"2026-04-01T07:35:26+00:00\",\"description\":\"Men\u00fas En el Restaurante Grions podr\u00e1 degustar los platos m\u00e1s exquisitos de la cocina catalana. Nuestra carta est\u00e1 elaborada con productos mediterr\u00e1neos y\",\"breadcrumb\":{\"@id\":\"https:\/\/grions.com\/menu\/#breadcrumb\"},\"inLanguage\":\"ca\",\"potentialAction\":[{\"@type\":\"ReadAction\",\"target\":[\"https:\/\/grions.com\/menu\/\"]}]},{\"@type\":\"ImageObject\",\"inLanguage\":\"ca\",\"@id\":\"https:\/\/grions.com\/menu\/#primaryimage\",\"url\":\"https:\/\/grions.com\/wp-content\/uploads\/2025\/02\/20200626_215813-300x225.jpg\",\"contentUrl\":\"https:\/\/grions.com\/wp-content\/uploads\/2025\/02\/20200626_215813-300x225.jpg\"},{\"@type\":\"BreadcrumbList\",\"@id\":\"https:\/\/grions.com\/menu\/#breadcrumb\",\"itemListElement\":[{\"@type\":\"ListItem\",\"position\":1,\"name\":\"Punt Marketing\",\"item\":\"https:\/\/grions.com\/\"},{\"@type\":\"ListItem\",\"position\":2,\"name\":\"Menu\"}]},{\"@type\":\"WebSite\",\"@id\":\"https:\/\/grions.com\/#website\",\"url\":\"https:\/\/grions.com\/\",\"name\":\"Restaurante Can Grions\",\"description\":\"Restaurante de comida mediterr&aacute;nea\",\"publisher\":{\"@id\":\"https:\/\/grions.com\/#organization\"},\"potentialAction\":[{\"@type\":\"SearchAction\",\"target\":{\"@type\":\"EntryPoint\",\"urlTemplate\":\"https:\/\/grions.com\/?s={search_term_string}\"},\"query-input\":\"required name=search_term_string\"}],\"inLanguage\":\"ca\"},{\"@type\":\"Organization\",\"@id\":\"https:\/\/grions.com\/#organization\",\"name\":\"Restaurante Can Grions\",\"url\":\"https:\/\/grions.com\/\",\"logo\":{\"@type\":\"ImageObject\",\"inLanguage\":\"ca\",\"@id\":\"https:\/\/grions.com\/#\/schema\/logo\/image\/\",\"url\":\"https:\/\/grions.com\/wp-content\/uploads\/2023\/11\/Disen\u0303o_sin_ti\u0301tulo__18_-removebg-preview.png\",\"contentUrl\":\"https:\/\/grions.com\/wp-content\/uploads\/2023\/11\/Disen\u0303o_sin_ti\u0301tulo__18_-removebg-preview.png\",\"width\":200,\"height\":100,\"caption\":\"Restaurante Can Grions\"},\"image\":{\"@id\":\"https:\/\/grions.com\/#\/schema\/logo\/image\/\"}}]}<\/script>\n<!-- \/ Yoast SEO plugin. -->","yoast_head_json":{"title":"Menu | Restaurante Can Grions","description":"Men\u00fas En el Restaurante Grions podr\u00e1 degustar los platos m\u00e1s exquisitos de la cocina catalana. Nuestra carta est\u00e1 elaborada con productos mediterr\u00e1neos y","robots":{"index":"index","follow":"follow","max-snippet":"max-snippet:-1","max-image-preview":"max-image-preview:large","max-video-preview":"max-video-preview:-1"},"canonical":"https:\/\/grions.com\/ca\/menu\/","og_locale":"ca_ES","og_type":"article","og_title":"Menu | Restaurante Can Grions","og_description":"Men\u00fas En el Restaurante Grions podr\u00e1 degustar los platos m\u00e1s exquisitos de la cocina catalana. Nuestra carta est\u00e1 elaborada con productos mediterr\u00e1neos y","og_url":"https:\/\/grions.com\/ca\/menu\/","og_site_name":"Restaurante Can Grions","article_modified_time":"2026-04-01T07:35:26+00:00","og_image":[{"url":"https:\/\/grions.com\/wp-content\/uploads\/2025\/02\/20200626_215813-300x225.jpg"}],"twitter_card":"summary_large_image","twitter_misc":{"Temps estimat de lectura":"1 minut"},"schema":{"@context":"https:\/\/schema.org","@graph":[{"@type":"WebPage","@id":"https:\/\/grions.com\/menu\/","url":"https:\/\/grions.com\/menu\/","name":"Menu | Restaurante Can Grions","isPartOf":{"@id":"https:\/\/grions.com\/#website"},"primaryImageOfPage":{"@id":"https:\/\/grions.com\/menu\/#primaryimage"},"image":{"@id":"https:\/\/grions.com\/menu\/#primaryimage"},"thumbnailUrl":"https:\/\/grions.com\/wp-content\/uploads\/2025\/02\/20200626_215813-300x225.jpg","datePublished":"2023-11-08T12:04:54+00:00","dateModified":"2026-04-01T07:35:26+00:00","description":"Men\u00fas En el Restaurante Grions podr\u00e1 degustar los platos m\u00e1s exquisitos de la cocina catalana. Nuestra carta est\u00e1 elaborada con productos mediterr\u00e1neos y","breadcrumb":{"@id":"https:\/\/grions.com\/menu\/#breadcrumb"},"inLanguage":"ca","potentialAction":[{"@type":"ReadAction","target":["https:\/\/grions.com\/menu\/"]}]},{"@type":"ImageObject","inLanguage":"ca","@id":"https:\/\/grions.com\/menu\/#primaryimage","url":"https:\/\/grions.com\/wp-content\/uploads\/2025\/02\/20200626_215813-300x225.jpg","contentUrl":"https:\/\/grions.com\/wp-content\/uploads\/2025\/02\/20200626_215813-300x225.jpg"},{"@type":"BreadcrumbList","@id":"https:\/\/grions.com\/menu\/#breadcrumb","itemListElement":[{"@type":"ListItem","position":1,"name":"Punt Marketing","item":"https:\/\/grions.com\/"},{"@type":"ListItem","position":2,"name":"Menu"}]},{"@type":"WebSite","@id":"https:\/\/grions.com\/#website","url":"https:\/\/grions.com\/","name":"Restaurante Can Grions","description":"Restaurante de comida mediterr&aacute;nea","publisher":{"@id":"https:\/\/grions.com\/#organization"},"potentialAction":[{"@type":"SearchAction","target":{"@type":"EntryPoint","urlTemplate":"https:\/\/grions.com\/?s={search_term_string}"},"query-input":"required name=search_term_string"}],"inLanguage":"ca"},{"@type":"Organization","@id":"https:\/\/grions.com\/#organization","name":"Restaurante Can Grions","url":"https:\/\/grions.com\/","logo":{"@type":"ImageObject","inLanguage":"ca","@id":"https:\/\/grions.com\/#\/schema\/logo\/image\/","url":"https:\/\/grions.com\/wp-content\/uploads\/2023\/11\/Disen\u0303o_sin_ti\u0301tulo__18_-removebg-preview.png","contentUrl":"https:\/\/grions.com\/wp-content\/uploads\/2023\/11\/Disen\u0303o_sin_ti\u0301tulo__18_-removebg-preview.png","width":200,"height":100,"caption":"Restaurante Can Grions"},"image":{"@id":"https:\/\/grions.com\/#\/schema\/logo\/image\/"}}]}},"_links":{"self":[{"href":"https:\/\/grions.com\/ca\/wp-json\/wp\/v2\/pages\/74"}],"collection":[{"href":"https:\/\/grions.com\/ca\/wp-json\/wp\/v2\/pages"}],"about":[{"href":"https:\/\/grions.com\/ca\/wp-json\/wp\/v2\/types\/page"}],"author":[{"embeddable":true,"href":"https:\/\/grions.com\/ca\/wp-json\/wp\/v2\/users\/1"}],"replies":[{"embeddable":true,"href":"https:\/\/grions.com\/ca\/wp-json\/wp\/v2\/comments?post=74"}],"version-history":[{"count":142,"href":"https:\/\/grions.com\/ca\/wp-json\/wp\/v2\/pages\/74\/revisions"}],"predecessor-version":[{"id":874,"href":"https:\/\/grions.com\/ca\/wp-json\/wp\/v2\/pages\/74\/revisions\/874"}],"wp:attachment":[{"href":"https:\/\/grions.com\/ca\/wp-json\/wp\/v2\/media?parent=74"}],"curies":[{"name":"wp","href":"https:\/\/api.w.org\/{rel}","templated":true}]}}