{"id":78,"date":"2023-11-08T12:04:55","date_gmt":"2023-11-08T12:04:55","guid":{"rendered":"https:\/\/grions.com\/about\/"},"modified":"2024-03-19T22:41:53","modified_gmt":"2024-03-19T22:41:53","slug":"about","status":"publish","type":"page","link":"https:\/\/grions.com\/ca\/about\/","title":{"rendered":"About"},"content":{"rendered":"<div data-elementor-type=\"wp-page\" data-elementor-id=\"78\" class=\"elementor elementor-78\" data-elementor-post-type=\"page\">\n\t\t\t\t<div class=\"elementor-element elementor-element-71fa82df e-flex e-con-boxed e-con e-parent\" data-id=\"71fa82df\" data-element_type=\"container\" data-settings=\"{&quot;background_background&quot;:&quot;classic&quot;}\">\n\t\t\t\t\t<div class=\"e-con-inner\">\n\t\t\t\t<div class=\"elementor-element elementor-element-39c05fb5 elementor-widget elementor-widget-heading\" data-id=\"39c05fb5\" data-element_type=\"widget\" data-widget_type=\"heading.default\">\n\t\t\t\t<div class=\"elementor-widget-container\">\n\t\t\t<style>\/*! elementor - v3.23.0 - 25-07-2024 *\/\n.elementor-heading-title{padding:0;margin:0;line-height:1}.elementor-widget-heading .elementor-heading-title[class*=elementor-size-]>a{color:inherit;font-size:inherit;line-height:inherit}.elementor-widget-heading .elementor-heading-title.elementor-size-small{font-size:15px}.elementor-widget-heading .elementor-heading-title.elementor-size-medium{font-size:19px}.elementor-widget-heading .elementor-heading-title.elementor-size-large{font-size:29px}.elementor-widget-heading .elementor-heading-title.elementor-size-xl{font-size:39px}.elementor-widget-heading .elementor-heading-title.elementor-size-xxl{font-size:59px}<\/style><h1 class=\"elementor-heading-title elementor-size-default\">nosaltres<\/h1>\t\t<\/div>\n\t\t\t\t<\/div>\n\t\t\t\t<div class=\"elementor-element elementor-element-35b5a3cf elementor-widget__width-initial elementor-widget elementor-widget-text-editor\" data-id=\"35b5a3cf\" data-element_type=\"widget\" data-widget_type=\"text-editor.default\">\n\t\t\t\t<div class=\"elementor-widget-container\">\n\t\t\t<style>\/*! elementor - v3.23.0 - 25-07-2024 *\/\n.elementor-widget-text-editor.elementor-drop-cap-view-stacked .elementor-drop-cap{background-color:#69727d;color:#fff}.elementor-widget-text-editor.elementor-drop-cap-view-framed .elementor-drop-cap{color:#69727d;border:3px solid;background-color:transparent}.elementor-widget-text-editor:not(.elementor-drop-cap-view-default) .elementor-drop-cap{margin-top:8px}.elementor-widget-text-editor:not(.elementor-drop-cap-view-default) .elementor-drop-cap-letter{width:1em;height:1em}.elementor-widget-text-editor .elementor-drop-cap{float:left;text-align:center;line-height:1;font-size:50px}.elementor-widget-text-editor .elementor-drop-cap-letter{display:inline-block}<\/style>\t\t\t\t<p class=\"western\" align=\"justify\"><span style=\"color: #0e130b;\"><span style=\"font-family: Arial, serif;\">Un lloc on la tradici\u00f3, passi\u00f3 i experi\u00e8ncia dels anys fa que oferim el millor de la gastronomia local amb un enfocament en productes de temporada i de proximitat. Ens sentim orgullosos de ser membres de la \u00abChaine de R\u00f4tisseurs\u00bb i de reintroduir el Salsaf\u00ed, un tresor de la nostra terra.<\/span><\/span><\/p><p class=\"western\" align=\"justify\"><span style=\"color: #0e130b;\"><span style=\"font-family: Arial, serif;\">Els nostres espais, que inclouen amplis salons i jardins encantadors, s\u00f3n l'escenari perfecte per celebrar moments inoblidables, ja siguin esdeveniments familiars o reunions corporatives.<\/span><\/span><\/p><p class=\"western\" align=\"justify\"><span style=\"color: #0e130b;\"><span style=\"font-family: Arial, serif;\">Us convidem a ser part de la nostra hist\u00f2ria ia convertir cada visita en un record inoblidable<\/span><\/span><\/p>\t\t\t\t\t\t<\/div>\n\t\t\t\t<\/div>\n\t\t\t\t<div class=\"elementor-element elementor-element-1cebcdb7 elementor-widget elementor-widget-image\" data-id=\"1cebcdb7\" data-element_type=\"widget\" data-widget_type=\"image.default\">\n\t\t\t\t<div class=\"elementor-widget-container\">\n\t\t\t<style>\/*! elementor - v3.23.0 - 25-07-2024 *\/\n.elementor-widget-image{text-align:center}.elementor-widget-image a{display:inline-block}.elementor-widget-image a img[src$=\".svg\"]{width:48px}.elementor-widget-image img{vertical-align:middle;display:inline-block}<\/style>\t\t\t\t\t\t\t\t\t\t<img fetchpriority=\"high\" decoding=\"async\" width=\"800\" height=\"360\" src=\"https:\/\/grions.com\/wp-content\/uploads\/2024\/03\/1.7-1024x461.jpg\" class=\"attachment-large size-large wp-image-514\" alt=\"\" srcset=\"https:\/\/grions.com\/wp-content\/uploads\/2024\/03\/1.7-1024x461.jpg 1024w, https:\/\/grions.com\/wp-content\/uploads\/2024\/03\/1.7-300x135.jpg 300w, https:\/\/grions.com\/wp-content\/uploads\/2024\/03\/1.7-768x346.jpg 768w, https:\/\/grions.com\/wp-content\/uploads\/2024\/03\/1.7-1536x691.jpg 1536w, https:\/\/grions.com\/wp-content\/uploads\/2024\/03\/1.7-2048x922.jpg 2048w\" sizes=\"(max-width: 800px) 100vw, 800px\" \/>\t\t\t\t\t\t\t\t\t\t\t\t\t<\/div>\n\t\t\t\t<\/div>\n\t\t\t\t\t<\/div>\n\t\t\t\t<\/div>\n\t\t<div class=\"elementor-element elementor-element-5aead68d e-flex e-con-boxed e-con e-parent\" data-id=\"5aead68d\" data-element_type=\"container\" data-settings=\"{&quot;background_background&quot;:&quot;classic&quot;}\">\n\t\t\t\t\t<div class=\"e-con-inner\">\n\t\t\t\t<div class=\"elementor-element elementor-element-45ba0d9f elementor-widget elementor-widget-heading\" data-id=\"45ba0d9f\" data-element_type=\"widget\" data-widget_type=\"heading.default\">\n\t\t\t\t<div class=\"elementor-widget-container\">\n\t\t\t<h2 class=\"elementor-heading-title elementor-size-default\">cada plat explica una hist\u00f2ria<\/h2>\t\t<\/div>\n\t\t\t\t<\/div>\n\t\t<div class=\"elementor-element elementor-element-935b531 e-con-full e-flex e-con e-child\" data-id=\"935b531\" data-element_type=\"container\">\n\t\t\t\t<div class=\"elementor-element elementor-element-16067981 elementor-position-top elementor-widget elementor-widget-image-box\" data-id=\"16067981\" data-element_type=\"widget\" data-widget_type=\"image-box.default\">\n\t\t\t\t<div class=\"elementor-widget-container\">\n\t\t\t<style>\/*! elementor - v3.23.0 - 25-07-2024 *\/\n.elementor-widget-image-box .elementor-image-box-content{width:100%}@media (min-width:768px){.elementor-widget-image-box.elementor-position-left .elementor-image-box-wrapper,.elementor-widget-image-box.elementor-position-right .elementor-image-box-wrapper{display:flex}.elementor-widget-image-box.elementor-position-right .elementor-image-box-wrapper{text-align:end;flex-direction:row-reverse}.elementor-widget-image-box.elementor-position-left .elementor-image-box-wrapper{text-align:start;flex-direction:row}.elementor-widget-image-box.elementor-position-top .elementor-image-box-img{margin:auto}.elementor-widget-image-box.elementor-vertical-align-top .elementor-image-box-wrapper{align-items:flex-start}.elementor-widget-image-box.elementor-vertical-align-middle .elementor-image-box-wrapper{align-items:center}.elementor-widget-image-box.elementor-vertical-align-bottom .elementor-image-box-wrapper{align-items:flex-end}}@media (max-width:767px){.elementor-widget-image-box .elementor-image-box-img{margin-left:auto!important;margin-right:auto!important;margin-bottom:15px}}.elementor-widget-image-box .elementor-image-box-img{display:inline-block}.elementor-widget-image-box .elementor-image-box-title a{color:inherit}.elementor-widget-image-box .elementor-image-box-wrapper{text-align:center}.elementor-widget-image-box .elementor-image-box-description{margin:0}<\/style><div class=\"elementor-image-box-wrapper\"><figure class=\"elementor-image-box-img\"><img decoding=\"async\" width=\"300\" height=\"225\" src=\"https:\/\/grions.com\/wp-content\/uploads\/2024\/03\/1.8-300x225.jpg\" class=\"attachment-medium size-medium wp-image-515\" alt=\"\" srcset=\"https:\/\/grions.com\/wp-content\/uploads\/2024\/03\/1.8-300x225.jpg 300w, https:\/\/grions.com\/wp-content\/uploads\/2024\/03\/1.8-1024x768.jpg 1024w, https:\/\/grions.com\/wp-content\/uploads\/2024\/03\/1.8-768x576.jpg 768w, https:\/\/grions.com\/wp-content\/uploads\/2024\/03\/1.8-1536x1152.jpg 1536w, https:\/\/grions.com\/wp-content\/uploads\/2024\/03\/1.8-2048x1536.jpg 2048w\" sizes=\"(max-width: 300px) 100vw, 300px\" \/><\/figure><div class=\"elementor-image-box-content\"><h3 class=\"elementor-image-box-title\">Tradici\u00f3 Gastron\u00f2mica<\/h3><\/div><\/div>\t\t<\/div>\n\t\t\t\t<\/div>\n\t\t\t\t<div class=\"elementor-element elementor-element-5fa5c191 elementor-position-top elementor-widget elementor-widget-image-box\" data-id=\"5fa5c191\" data-element_type=\"widget\" data-widget_type=\"image-box.default\">\n\t\t\t\t<div class=\"elementor-widget-container\">\n\t\t\t<div class=\"elementor-image-box-wrapper\"><figure class=\"elementor-image-box-img\"><img decoding=\"async\" width=\"300\" height=\"210\" src=\"https:\/\/grions.com\/wp-content\/uploads\/2024\/03\/1.9-300x210.jpg\" class=\"attachment-medium size-medium wp-image-516\" alt=\"\" srcset=\"https:\/\/grions.com\/wp-content\/uploads\/2024\/03\/1.9-300x210.jpg 300w, https:\/\/grions.com\/wp-content\/uploads\/2024\/03\/1.9-1024x718.jpg 1024w, https:\/\/grions.com\/wp-content\/uploads\/2024\/03\/1.9-768x538.jpg 768w, https:\/\/grions.com\/wp-content\/uploads\/2024\/03\/1.9-1536x1077.jpg 1536w, https:\/\/grions.com\/wp-content\/uploads\/2024\/03\/1.9-2048x1436.jpg 2048w\" sizes=\"(max-width: 300px) 100vw, 300px\" \/><\/figure><div class=\"elementor-image-box-content\"><h3 class=\"elementor-image-box-title\">Comprom\u00eds amb la Qualitat<\/h3><\/div><\/div>\t\t<\/div>\n\t\t\t\t<\/div>\n\t\t\t\t<div class=\"elementor-element elementor-element-469bb824 elementor-position-top elementor-widget elementor-widget-image-box\" data-id=\"469bb824\" data-element_type=\"widget\" data-widget_type=\"image-box.default\">\n\t\t\t\t<div class=\"elementor-widget-container\">\n\t\t\t<div class=\"elementor-image-box-wrapper\"><figure class=\"elementor-image-box-img\"><img loading=\"lazy\" decoding=\"async\" width=\"768\" height=\"356\" src=\"https:\/\/grions.com\/wp-content\/uploads\/2024\/03\/1.10-768x356.jpg\" class=\"attachment-medium_large size-medium_large wp-image-517\" alt=\"\" srcset=\"https:\/\/grions.com\/wp-content\/uploads\/2024\/03\/1.10-768x356.jpg 768w, https:\/\/grions.com\/wp-content\/uploads\/2024\/03\/1.10-300x139.jpg 300w, https:\/\/grions.com\/wp-content\/uploads\/2024\/03\/1.10-1024x474.jpg 1024w, https:\/\/grions.com\/wp-content\/uploads\/2024\/03\/1.10-1536x711.jpg 1536w, https:\/\/grions.com\/wp-content\/uploads\/2024\/03\/1.10-2048x948.jpg 2048w\" sizes=\"(max-width: 768px) 100vw, 768px\" \/><\/figure><div class=\"elementor-image-box-content\"><h3 class=\"elementor-image-box-title\">Excel\u00b7l\u00e8ncia al Servei<\/h3><\/div><\/div>\t\t<\/div>\n\t\t\t\t<\/div>\n\t\t\t\t<\/div>\n\t\t\t\t\t<\/div>\n\t\t\t\t<\/div>\n\t\t\t\t<\/div>","protected":false},"excerpt":{"rendered":"<p>nosotros Un lugar donde la tradici\u00f3n, pasi\u00f3n y experiencia de los a\u00f1os hace que ofrezcamos lo mejor de la gastronom\u00eda local con un enfoque en productos de temporada y de proximidad. Nos enorgullecemos de ser miembros de la\u00a0\u00abChaine de R\u00f4tisseurs\u00bb y de reintroducir el Salsaf\u00ed, un tesoro de nuestra tierra. Nuestros espacios, que incluyen salones [&hellip;]<\/p>","protected":false},"author":1,"featured_media":0,"parent":0,"menu_order":0,"comment_status":"closed","ping_status":"closed","template":"elementor_header_footer","meta":{"footnotes":""},"class_list":["post-78","page","type-page","status-publish","hentry"],"acf":[],"yoast_head":"<!-- This site is optimized with the Yoast SEO plugin v23.1 - https:\/\/yoast.com\/wordpress\/plugins\/seo\/ -->\n<title>About | Restaurante Can Grions<\/title>\n<meta name=\"description\" content=\"nosotros Un lugar donde la tradici\u00f3n, pasi\u00f3n y experiencia de los a\u00f1os hace que ofrezcamos lo mejor de la gastronom\u00eda local con un enfoque en productos de\" \/>\n<meta name=\"robots\" content=\"index, follow, max-snippet:-1, max-image-preview:large, max-video-preview:-1\" \/>\n<link rel=\"canonical\" href=\"https:\/\/grions.com\/ca\/about\/\" \/>\n<meta property=\"og:locale\" content=\"ca_ES\" \/>\n<meta property=\"og:type\" content=\"article\" \/>\n<meta property=\"og:title\" content=\"About | Restaurante Can Grions\" \/>\n<meta property=\"og:description\" content=\"nosotros Un lugar donde la tradici\u00f3n, pasi\u00f3n y experiencia de los a\u00f1os hace que ofrezcamos lo mejor de la gastronom\u00eda local con un enfoque en productos de\" \/>\n<meta property=\"og:url\" content=\"https:\/\/grions.com\/ca\/about\/\" \/>\n<meta property=\"og:site_name\" content=\"Restaurante Can Grions\" \/>\n<meta property=\"article:modified_time\" content=\"2024-03-19T22:41:53+00:00\" \/>\n<meta property=\"og:image\" content=\"https:\/\/grions.com\/wp-content\/uploads\/2024\/03\/1.7-1024x461.jpg\" \/>\n<meta name=\"twitter:card\" content=\"summary_large_image\" \/>\n<meta name=\"twitter:label1\" content=\"Temps estimat de lectura\" \/>\n\t<meta name=\"twitter:data1\" content=\"2 minuts\" \/>\n<script type=\"application\/ld+json\" class=\"yoast-schema-graph\">{\"@context\":\"https:\/\/schema.org\",\"@graph\":[{\"@type\":\"WebPage\",\"@id\":\"https:\/\/grions.com\/about\/\",\"url\":\"https:\/\/grions.com\/about\/\",\"name\":\"About | Restaurante Can Grions\",\"isPartOf\":{\"@id\":\"https:\/\/grions.com\/#website\"},\"primaryImageOfPage\":{\"@id\":\"https:\/\/grions.com\/about\/#primaryimage\"},\"image\":{\"@id\":\"https:\/\/grions.com\/about\/#primaryimage\"},\"thumbnailUrl\":\"https:\/\/grions.com\/wp-content\/uploads\/2024\/03\/1.7-1024x461.jpg\",\"datePublished\":\"2023-11-08T12:04:55+00:00\",\"dateModified\":\"2024-03-19T22:41:53+00:00\",\"description\":\"nosotros Un lugar donde la tradici\u00f3n, pasi\u00f3n y experiencia de los a\u00f1os hace que ofrezcamos lo mejor de la gastronom\u00eda local con un enfoque en productos de\",\"breadcrumb\":{\"@id\":\"https:\/\/grions.com\/about\/#breadcrumb\"},\"inLanguage\":\"ca\",\"potentialAction\":[{\"@type\":\"ReadAction\",\"target\":[\"https:\/\/grions.com\/about\/\"]}]},{\"@type\":\"ImageObject\",\"inLanguage\":\"ca\",\"@id\":\"https:\/\/grions.com\/about\/#primaryimage\",\"url\":\"https:\/\/grions.com\/wp-content\/uploads\/2024\/03\/1.7-1024x461.jpg\",\"contentUrl\":\"https:\/\/grions.com\/wp-content\/uploads\/2024\/03\/1.7-1024x461.jpg\"},{\"@type\":\"BreadcrumbList\",\"@id\":\"https:\/\/grions.com\/about\/#breadcrumb\",\"itemListElement\":[{\"@type\":\"ListItem\",\"position\":1,\"name\":\"Punt Marketing\",\"item\":\"https:\/\/grions.com\/\"},{\"@type\":\"ListItem\",\"position\":2,\"name\":\"About\"}]},{\"@type\":\"WebSite\",\"@id\":\"https:\/\/grions.com\/#website\",\"url\":\"https:\/\/grions.com\/\",\"name\":\"Restaurante Can Grions\",\"description\":\"Restaurante de comida mediterr&aacute;nea\",\"publisher\":{\"@id\":\"https:\/\/grions.com\/#organization\"},\"potentialAction\":[{\"@type\":\"SearchAction\",\"target\":{\"@type\":\"EntryPoint\",\"urlTemplate\":\"https:\/\/grions.com\/?s={search_term_string}\"},\"query-input\":\"required name=search_term_string\"}],\"inLanguage\":\"ca\"},{\"@type\":\"Organization\",\"@id\":\"https:\/\/grions.com\/#organization\",\"name\":\"Restaurante Can Grions\",\"url\":\"https:\/\/grions.com\/\",\"logo\":{\"@type\":\"ImageObject\",\"inLanguage\":\"ca\",\"@id\":\"https:\/\/grions.com\/#\/schema\/logo\/image\/\",\"url\":\"https:\/\/grions.com\/wp-content\/uploads\/2023\/11\/Disen\u0303o_sin_ti\u0301tulo__18_-removebg-preview.png\",\"contentUrl\":\"https:\/\/grions.com\/wp-content\/uploads\/2023\/11\/Disen\u0303o_sin_ti\u0301tulo__18_-removebg-preview.png\",\"width\":200,\"height\":100,\"caption\":\"Restaurante Can Grions\"},\"image\":{\"@id\":\"https:\/\/grions.com\/#\/schema\/logo\/image\/\"}}]}<\/script>\n<!-- \/ Yoast SEO plugin. -->","yoast_head_json":{"title":"About | Restaurante Can Grions","description":"nosotros Un lugar donde la tradici\u00f3n, pasi\u00f3n y experiencia de los a\u00f1os hace que ofrezcamos lo mejor de la gastronom\u00eda local con un enfoque en productos de","robots":{"index":"index","follow":"follow","max-snippet":"max-snippet:-1","max-image-preview":"max-image-preview:large","max-video-preview":"max-video-preview:-1"},"canonical":"https:\/\/grions.com\/ca\/about\/","og_locale":"ca_ES","og_type":"article","og_title":"About | Restaurante Can Grions","og_description":"nosotros Un lugar donde la tradici\u00f3n, pasi\u00f3n y experiencia de los a\u00f1os hace que ofrezcamos lo mejor de la gastronom\u00eda local con un enfoque en productos de","og_url":"https:\/\/grions.com\/ca\/about\/","og_site_name":"Restaurante Can Grions","article_modified_time":"2024-03-19T22:41:53+00:00","og_image":[{"url":"https:\/\/grions.com\/wp-content\/uploads\/2024\/03\/1.7-1024x461.jpg"}],"twitter_card":"summary_large_image","twitter_misc":{"Temps estimat de lectura":"2 minuts"},"schema":{"@context":"https:\/\/schema.org","@graph":[{"@type":"WebPage","@id":"https:\/\/grions.com\/about\/","url":"https:\/\/grions.com\/about\/","name":"About | Restaurante Can Grions","isPartOf":{"@id":"https:\/\/grions.com\/#website"},"primaryImageOfPage":{"@id":"https:\/\/grions.com\/about\/#primaryimage"},"image":{"@id":"https:\/\/grions.com\/about\/#primaryimage"},"thumbnailUrl":"https:\/\/grions.com\/wp-content\/uploads\/2024\/03\/1.7-1024x461.jpg","datePublished":"2023-11-08T12:04:55+00:00","dateModified":"2024-03-19T22:41:53+00:00","description":"nosotros Un lugar donde la tradici\u00f3n, pasi\u00f3n y experiencia de los a\u00f1os hace que ofrezcamos lo mejor de la gastronom\u00eda local con un enfoque en productos de","breadcrumb":{"@id":"https:\/\/grions.com\/about\/#breadcrumb"},"inLanguage":"ca","potentialAction":[{"@type":"ReadAction","target":["https:\/\/grions.com\/about\/"]}]},{"@type":"ImageObject","inLanguage":"ca","@id":"https:\/\/grions.com\/about\/#primaryimage","url":"https:\/\/grions.com\/wp-content\/uploads\/2024\/03\/1.7-1024x461.jpg","contentUrl":"https:\/\/grions.com\/wp-content\/uploads\/2024\/03\/1.7-1024x461.jpg"},{"@type":"BreadcrumbList","@id":"https:\/\/grions.com\/about\/#breadcrumb","itemListElement":[{"@type":"ListItem","position":1,"name":"Punt Marketing","item":"https:\/\/grions.com\/"},{"@type":"ListItem","position":2,"name":"About"}]},{"@type":"WebSite","@id":"https:\/\/grions.com\/#website","url":"https:\/\/grions.com\/","name":"Restaurante Can Grions","description":"Restaurante de comida mediterr&aacute;nea","publisher":{"@id":"https:\/\/grions.com\/#organization"},"potentialAction":[{"@type":"SearchAction","target":{"@type":"EntryPoint","urlTemplate":"https:\/\/grions.com\/?s={search_term_string}"},"query-input":"required name=search_term_string"}],"inLanguage":"ca"},{"@type":"Organization","@id":"https:\/\/grions.com\/#organization","name":"Restaurante Can Grions","url":"https:\/\/grions.com\/","logo":{"@type":"ImageObject","inLanguage":"ca","@id":"https:\/\/grions.com\/#\/schema\/logo\/image\/","url":"https:\/\/grions.com\/wp-content\/uploads\/2023\/11\/Disen\u0303o_sin_ti\u0301tulo__18_-removebg-preview.png","contentUrl":"https:\/\/grions.com\/wp-content\/uploads\/2023\/11\/Disen\u0303o_sin_ti\u0301tulo__18_-removebg-preview.png","width":200,"height":100,"caption":"Restaurante Can Grions"},"image":{"@id":"https:\/\/grions.com\/#\/schema\/logo\/image\/"}}]}},"_links":{"self":[{"href":"https:\/\/grions.com\/ca\/wp-json\/wp\/v2\/pages\/78"}],"collection":[{"href":"https:\/\/grions.com\/ca\/wp-json\/wp\/v2\/pages"}],"about":[{"href":"https:\/\/grions.com\/ca\/wp-json\/wp\/v2\/types\/page"}],"author":[{"embeddable":true,"href":"https:\/\/grions.com\/ca\/wp-json\/wp\/v2\/users\/1"}],"replies":[{"embeddable":true,"href":"https:\/\/grions.com\/ca\/wp-json\/wp\/v2\/comments?post=78"}],"version-history":[{"count":47,"href":"https:\/\/grions.com\/ca\/wp-json\/wp\/v2\/pages\/78\/revisions"}],"predecessor-version":[{"id":610,"href":"https:\/\/grions.com\/ca\/wp-json\/wp\/v2\/pages\/78\/revisions\/610"}],"wp:attachment":[{"href":"https:\/\/grions.com\/ca\/wp-json\/wp\/v2\/media?parent=78"}],"curies":[{"name":"wp","href":"https:\/\/api.w.org\/{rel}","templated":true}]}}