{"id":86,"date":"2023-11-08T12:04:58","date_gmt":"2023-11-08T12:04:58","guid":{"rendered":"https:\/\/grions.com\/home\/"},"modified":"2026-02-03T08:23:46","modified_gmt":"2026-02-03T08:23:46","slug":"home","status":"publish","type":"page","link":"https:\/\/grions.com\/ca\/","title":{"rendered":"Restaurante Grions"},"content":{"rendered":"<div data-elementor-type=\"wp-page\" data-elementor-id=\"86\" class=\"elementor elementor-86\" data-elementor-post-type=\"page\">\n\t\t\t\t<div class=\"elementor-element elementor-element-35006560 e-flex e-con-boxed e-con e-parent\" data-id=\"35006560\" data-element_type=\"container\" data-settings=\"{&quot;background_background&quot;:&quot;classic&quot;}\">\n\t\t\t\t\t<div class=\"e-con-inner\">\n\t\t<div class=\"elementor-element elementor-element-3f51d86c e-con-full e-flex e-con e-child\" data-id=\"3f51d86c\" data-element_type=\"container\" data-settings=\"{&quot;background_background&quot;:&quot;classic&quot;}\">\n\t\t\t\t<\/div>\n\t\t\t\t\t<\/div>\n\t\t\t\t<\/div>\n\t\t<div class=\"elementor-element elementor-element-d732690 e-flex e-con-boxed e-con e-parent\" data-id=\"d732690\" data-element_type=\"container\" data-settings=\"{&quot;background_background&quot;:&quot;classic&quot;}\">\n\t\t\t\t\t<div class=\"e-con-inner\">\n\t\t<div class=\"elementor-element elementor-element-473c55e3 e-con-full e-flex e-con e-child\" data-id=\"473c55e3\" data-element_type=\"container\">\n\t\t\t\t<div class=\"elementor-element elementor-element-1f75abde elementor-widget elementor-widget-heading\" data-id=\"1f75abde\" data-element_type=\"widget\" data-widget_type=\"heading.default\">\n\t\t\t\t<div class=\"elementor-widget-container\">\n\t\t\t<style>\/*! elementor - v3.23.0 - 25-07-2024 *\/\n.elementor-heading-title{padding:0;margin:0;line-height:1}.elementor-widget-heading .elementor-heading-title[class*=elementor-size-]>a{color:inherit;font-size:inherit;line-height:inherit}.elementor-widget-heading .elementor-heading-title.elementor-size-small{font-size:15px}.elementor-widget-heading .elementor-heading-title.elementor-size-medium{font-size:19px}.elementor-widget-heading .elementor-heading-title.elementor-size-large{font-size:29px}.elementor-widget-heading .elementor-heading-title.elementor-size-xl{font-size:39px}.elementor-widget-heading .elementor-heading-title.elementor-size-xxl{font-size:59px}<\/style><h1 class=\"elementor-heading-title elementor-size-default\">Restaurant Grions<\/h1>\t\t<\/div>\n\t\t\t\t<\/div>\n\t\t\t\t<\/div>\n\t\t<div class=\"elementor-element elementor-element-5c177ae6 e-con-full e-flex e-con e-child\" data-id=\"5c177ae6\" data-element_type=\"container\">\n\t\t\t\t<div class=\"elementor-element elementor-element-3515b753 elementor-position-left elementor-widget__width-initial elementor-tablet-position-left elementor-mobile-position-left elementor-view-default elementor-vertical-align-top elementor-widget elementor-widget-icon-box\" data-id=\"3515b753\" data-element_type=\"widget\" data-widget_type=\"icon-box.default\">\n\t\t\t\t<div class=\"elementor-widget-container\">\n\t\t\t<link rel=\"stylesheet\" href=\"https:\/\/grions.com\/wp-content\/plugins\/elementor\/assets\/css\/widget-icon-box.min.css\">\t\t<div class=\"elementor-icon-box-wrapper\">\n\n\t\t\t\t\t\t<div class=\"elementor-icon-box-icon\">\n\t\t\t\t<span  class=\"elementor-icon elementor-animation-\">\n\t\t\t\t<svg xmlns=\"http:\/\/www.w3.org\/2000\/svg\" viewbox=\"0 0 20 52\"><path fill-rule=\"evenodd\" clip-rule=\"evenodd\" d=\"M9.5 49.793V0h1v49.793l8.146-8.147.707.708L10 51.707.646 42.354l.708-.708L9.5 49.793Z\"><\/path><\/svg>\t\t\t\t<\/span>\n\t\t\t<\/div>\n\t\t\t\n\t\t\t\t\t\t<div class=\"elementor-icon-box-content\">\n\n\t\t\t\t\t\t\t\t\t<h3 class=\"elementor-icon-box-title\">\n\t\t\t\t\t\t<span  >\n\t\t\t\t\t\t\tCuina Tradicional a Sant Feliu De Buixalleu\t\t\t\t\t\t<\/span>\n\t\t\t\t\t<\/h3>\n\t\t\t\t\n\t\t\t\t\n\t\t\t<\/div>\n\t\t\t\n\t\t<\/div>\n\t\t\t\t<\/div>\n\t\t\t\t<\/div>\n\t\t\t\t<\/div>\n\t\t\t\t\t<\/div>\n\t\t\t\t<\/div>\n\t\t<div class=\"elementor-element elementor-element-3b7977a4 e-flex e-con-boxed e-con e-parent\" data-id=\"3b7977a4\" data-element_type=\"container\" data-settings=\"{&quot;background_background&quot;:&quot;classic&quot;}\">\n\t\t\t\t\t<div class=\"e-con-inner\">\n\t\t<div class=\"elementor-element elementor-element-503663f5 e-con-full e-flex e-con e-child\" data-id=\"503663f5\" data-element_type=\"container\">\n\t\t\t\t<div class=\"elementor-element elementor-element-5e94e19f elementor-widget__width-auto elementor-widget elementor-widget-image\" data-id=\"5e94e19f\" data-element_type=\"widget\" data-widget_type=\"image.default\">\n\t\t\t\t<div class=\"elementor-widget-container\">\n\t\t\t<style>\/*! elementor - v3.23.0 - 25-07-2024 *\/\n.elementor-widget-image{text-align:center}.elementor-widget-image a{display:inline-block}.elementor-widget-image a img[src$=\".svg\"]{width:48px}.elementor-widget-image img{vertical-align:middle;display:inline-block}<\/style>\t\t\t\t\t\t\t\t\t\t<img fetchpriority=\"high\" decoding=\"async\" width=\"2048\" height=\"1232\" src=\"https:\/\/grions.com\/wp-content\/uploads\/2024\/03\/1.4.jpg\" class=\"attachment-full size-full wp-image-486\" alt=\"\" srcset=\"https:\/\/grions.com\/wp-content\/uploads\/2024\/03\/1.4.jpg 2048w, https:\/\/grions.com\/wp-content\/uploads\/2024\/03\/1.4-300x180.jpg 300w, https:\/\/grions.com\/wp-content\/uploads\/2024\/03\/1.4-1024x616.jpg 1024w, https:\/\/grions.com\/wp-content\/uploads\/2024\/03\/1.4-768x462.jpg 768w, https:\/\/grions.com\/wp-content\/uploads\/2024\/03\/1.4-1536x924.jpg 1536w\" sizes=\"(max-width: 2048px) 100vw, 2048px\" \/>\t\t\t\t\t\t\t\t\t\t\t\t\t<\/div>\n\t\t\t\t<\/div>\n\t\t\t\t<\/div>\n\t\t<div class=\"elementor-element elementor-element-1f4d0cdf e-con-full e-flex e-con e-child\" data-id=\"1f4d0cdf\" data-element_type=\"container\">\n\t\t\t\t<div class=\"elementor-element elementor-element-1f89b889 elementor-widget elementor-widget-heading\" data-id=\"1f89b889\" data-element_type=\"widget\" data-widget_type=\"heading.default\">\n\t\t\t\t<div class=\"elementor-widget-container\">\n\t\t\t<h2 class=\"elementor-heading-title elementor-size-default\">Sobre nosaltres<\/h2>\t\t<\/div>\n\t\t\t\t<\/div>\n\t\t\t\t<div class=\"elementor-element elementor-element-157d52fc elementor-widget elementor-widget-text-editor\" data-id=\"157d52fc\" data-element_type=\"widget\" data-widget_type=\"text-editor.default\">\n\t\t\t\t<div class=\"elementor-widget-container\">\n\t\t\t<style>\/*! elementor - v3.23.0 - 25-07-2024 *\/\n.elementor-widget-text-editor.elementor-drop-cap-view-stacked .elementor-drop-cap{background-color:#69727d;color:#fff}.elementor-widget-text-editor.elementor-drop-cap-view-framed .elementor-drop-cap{color:#69727d;border:3px solid;background-color:transparent}.elementor-widget-text-editor:not(.elementor-drop-cap-view-default) .elementor-drop-cap{margin-top:8px}.elementor-widget-text-editor:not(.elementor-drop-cap-view-default) .elementor-drop-cap-letter{width:1em;height:1em}.elementor-widget-text-editor .elementor-drop-cap{float:left;text-align:center;line-height:1;font-size:50px}.elementor-widget-text-editor .elementor-drop-cap-letter{display:inline-block}<\/style>\t\t\t\t<p>Benvinguts al Restaurant Grions, un lloc on celebrar la rica gastronomia de la nostra zona. Ubicat a Grions, Sant Feliu de Buixalleu, comarca de la Selva. Fa 38 anys que delectem els nostres clients i amics amb el millor de la nostra cuina de temporada i de proximitat.<\/p>\t\t\t\t\t\t<\/div>\n\t\t\t\t<\/div>\n\t\t\t\t<div class=\"elementor-element elementor-element-4b5d5c6 elementor-tablet-align-center elementor-align-center elementor-widget elementor-widget-button\" data-id=\"4b5d5c6\" data-element_type=\"widget\" data-widget_type=\"button.default\">\n\t\t\t\t<div class=\"elementor-widget-container\">\n\t\t\t\t\t<div class=\"elementor-button-wrapper\">\n\t\t\t<a class=\"elementor-button elementor-button-link elementor-size-sm elementor-animation-shrink\" href=\"https:\/\/grions.com\/about\/\" target=\"_blank\">\n\t\t\t\t\t\t<span class=\"elementor-button-content-wrapper\">\n\t\t\t\t\t\t\t\t\t<span class=\"elementor-button-text\">Llegir m\u00e9s<\/span>\n\t\t\t\t\t<\/span>\n\t\t\t\t\t<\/a>\n\t\t<\/div>\n\t\t\t\t<\/div>\n\t\t\t\t<\/div>\n\t\t\t\t<\/div>\n\t\t\t\t\t<\/div>\n\t\t\t\t<\/div>\n\t\t<div class=\"elementor-element elementor-element-ae2c7ae e-flex e-con-boxed e-con e-parent\" data-id=\"ae2c7ae\" data-element_type=\"container\" data-settings=\"{&quot;background_background&quot;:&quot;classic&quot;}\">\n\t\t\t\t\t<div class=\"e-con-inner\">\n\t\t<div class=\"elementor-element elementor-element-3c09a701 e-con-full e-flex e-con e-child\" data-id=\"3c09a701\" data-element_type=\"container\">\n\t\t\t\t<div class=\"elementor-element elementor-element-294a882b elementor-widget elementor-widget-heading\" data-id=\"294a882b\" data-element_type=\"widget\" data-widget_type=\"heading.default\">\n\t\t\t\t<div class=\"elementor-widget-container\">\n\t\t\t<h2 class=\"elementor-heading-title elementor-size-default\"><span style=\"font-size: 53.3px;\">La nostra cuina<\/span><\/h2>\t\t<\/div>\n\t\t\t\t<\/div>\n\t\t\t\t<div class=\"elementor-element elementor-element-44450db7 elementor-widget elementor-widget-text-editor\" data-id=\"44450db7\" data-element_type=\"widget\" data-widget_type=\"text-editor.default\">\n\t\t\t\t<div class=\"elementor-widget-container\">\n\t\t\t\t\t\t\t<p>Amb productes mediterranis i de temporada elaborem les nostres especialitats com els cargols \u00aba la llauna\u00bb amb allioli, l'arr\u00f2s cald\u00f3s de salsaf\u00ed i gambes, el filet de vedella a la crema de t\u00f2fona i pernil i, el gelat de salsaf\u00ed amb cruixent i licor del mateix.<\/p>\t\t\t\t\t\t<\/div>\n\t\t\t\t<\/div>\n\t\t\t\t<div class=\"elementor-element elementor-element-ee10ddf elementor-tablet-align-center elementor-align-center elementor-widget elementor-widget-button\" data-id=\"ee10ddf\" data-element_type=\"widget\" data-widget_type=\"button.default\">\n\t\t\t\t<div class=\"elementor-widget-container\">\n\t\t\t\t\t<div class=\"elementor-button-wrapper\">\n\t\t\t<a class=\"elementor-button elementor-button-link elementor-size-sm elementor-animation-shrink\" href=\"https:\/\/grions.com\/menu\/\" target=\"_blank\">\n\t\t\t\t\t\t<span class=\"elementor-button-content-wrapper\">\n\t\t\t\t\t\t\t\t\t<span class=\"elementor-button-text\">LLEGIR M\u00c9S<\/span>\n\t\t\t\t\t<\/span>\n\t\t\t\t\t<\/a>\n\t\t<\/div>\n\t\t\t\t<\/div>\n\t\t\t\t<\/div>\n\t\t\t\t<\/div>\n\t\t<div class=\"elementor-element elementor-element-761589eb e-con-full e-flex e-con e-child\" data-id=\"761589eb\" data-element_type=\"container\">\n\t\t\t\t<div class=\"elementor-element elementor-element-35d0e98a elementor-widget elementor-widget-image\" data-id=\"35d0e98a\" data-element_type=\"widget\" data-widget_type=\"image.default\">\n\t\t\t\t<div class=\"elementor-widget-container\">\n\t\t\t\t\t\t\t\t\t\t\t\t\t<img decoding=\"async\" width=\"800\" height=\"534\" src=\"https:\/\/grions.com\/wp-content\/uploads\/2024\/03\/1.5-1024x683.jpg\" class=\"attachment-large size-large wp-image-487\" alt=\"\" srcset=\"https:\/\/grions.com\/wp-content\/uploads\/2024\/03\/1.5-1024x683.jpg 1024w, https:\/\/grions.com\/wp-content\/uploads\/2024\/03\/1.5-300x200.jpg 300w, https:\/\/grions.com\/wp-content\/uploads\/2024\/03\/1.5-768x512.jpg 768w, https:\/\/grions.com\/wp-content\/uploads\/2024\/03\/1.5-1536x1024.jpg 1536w, https:\/\/grions.com\/wp-content\/uploads\/2024\/03\/1.5-2048x1365.jpg 2048w\" sizes=\"(max-width: 800px) 100vw, 800px\" \/>\t\t\t\t\t\t\t\t\t\t\t\t\t<\/div>\n\t\t\t\t<\/div>\n\t\t\t\t<\/div>\n\t\t\t\t\t<\/div>\n\t\t\t\t<\/div>\n\t\t<div class=\"elementor-element elementor-element-960e5a8 e-flex e-con-boxed e-con e-parent\" data-id=\"960e5a8\" data-element_type=\"container\" data-settings=\"{&quot;background_background&quot;:&quot;classic&quot;}\">\n\t\t\t\t\t<div class=\"e-con-inner\">\n\t\t<div class=\"elementor-element elementor-element-a3c25fd e-con-full e-flex e-con e-child\" data-id=\"a3c25fd\" data-element_type=\"container\">\n\t\t\t\t<div class=\"elementor-element elementor-element-f3cf015 elementor-widget elementor-widget-image\" data-id=\"f3cf015\" data-element_type=\"widget\" data-widget_type=\"image.default\">\n\t\t\t\t<div class=\"elementor-widget-container\">\n\t\t\t\t\t\t\t\t\t\t\t\t\t<img decoding=\"async\" width=\"800\" height=\"600\" src=\"https:\/\/grions.com\/wp-content\/uploads\/2024\/03\/1.6-1024x768.jpg\" class=\"attachment-large size-large wp-image-488\" alt=\"\" srcset=\"https:\/\/grions.com\/wp-content\/uploads\/2024\/03\/1.6-1024x768.jpg 1024w, https:\/\/grions.com\/wp-content\/uploads\/2024\/03\/1.6-300x225.jpg 300w, https:\/\/grions.com\/wp-content\/uploads\/2024\/03\/1.6-768x576.jpg 768w, https:\/\/grions.com\/wp-content\/uploads\/2024\/03\/1.6-1536x1152.jpg 1536w, https:\/\/grions.com\/wp-content\/uploads\/2024\/03\/1.6-2048x1536.jpg 2048w\" sizes=\"(max-width: 800px) 100vw, 800px\" \/>\t\t\t\t\t\t\t\t\t\t\t\t\t<\/div>\n\t\t\t\t<\/div>\n\t\t\t\t<\/div>\n\t\t<div class=\"elementor-element elementor-element-698dfb6 e-con-full e-flex e-con e-child\" data-id=\"698dfb6\" data-element_type=\"container\">\n\t\t\t\t<div class=\"elementor-element elementor-element-9f605ac elementor-widget elementor-widget-heading\" data-id=\"9f605ac\" data-element_type=\"widget\" data-widget_type=\"heading.default\">\n\t\t\t\t<div class=\"elementor-widget-container\">\n\t\t\t<h2 class=\"elementor-heading-title elementor-size-default\"><span style=\"font-size: 53.3px;\">El Nostre Espai<\/span><\/h2>\t\t<\/div>\n\t\t\t\t<\/div>\n\t\t\t\t<div class=\"elementor-element elementor-element-bbe3749 elementor-widget elementor-widget-text-editor\" data-id=\"bbe3749\" data-element_type=\"widget\" data-widget_type=\"text-editor.default\">\n\t\t\t\t<div class=\"elementor-widget-container\">\n\t\t\t\t\t\t\t<p>Disposem de grans salons i magn\u00edfics jardins, ideals per a qualsevol tipus d\u00b4esdeveniment, des de reunions familiars fins a actes corporatius. La nostra zona infantil assegura que els m\u00e9s petits tamb\u00e9 gaudeixin de la seva visita, fent del restaurant una destinaci\u00f3 perfecta per a totes les edats.<\/p>\t\t\t\t\t\t<\/div>\n\t\t\t\t<\/div>\n\t\t\t\t<div class=\"elementor-element elementor-element-cb4337a elementor-tablet-align-center elementor-align-center elementor-widget elementor-widget-button\" data-id=\"cb4337a\" data-element_type=\"widget\" data-widget_type=\"button.default\">\n\t\t\t\t<div class=\"elementor-widget-container\">\n\t\t\t\t\t<div class=\"elementor-button-wrapper\">\n\t\t\t<a class=\"elementor-button elementor-button-link elementor-size-sm elementor-animation-shrink\" href=\"https:\/\/grions.com\/celebraciones\/\" target=\"_blank\">\n\t\t\t\t\t\t<span class=\"elementor-button-content-wrapper\">\n\t\t\t\t\t\t\t\t\t<span class=\"elementor-button-text\">LLEGIR M\u00c9S<\/span>\n\t\t\t\t\t<\/span>\n\t\t\t\t\t<\/a>\n\t\t<\/div>\n\t\t\t\t<\/div>\n\t\t\t\t<\/div>\n\t\t\t\t<\/div>\n\t\t\t\t\t<\/div>\n\t\t\t\t<\/div>\n\t\t<div class=\"elementor-element elementor-element-66fb1af e-flex e-con-boxed e-con e-parent\" data-id=\"66fb1af\" data-element_type=\"container\" data-settings=\"{&quot;background_background&quot;:&quot;classic&quot;}\">\n\t\t\t\t\t<div class=\"e-con-inner\">\n\t\t<div class=\"elementor-element elementor-element-33ee8dc e-con-full e-flex e-con e-child\" data-id=\"33ee8dc\" data-element_type=\"container\">\n\t\t\t\t<div class=\"elementor-element elementor-element-642765e6 elementor-widget elementor-widget-heading\" data-id=\"642765e6\" data-element_type=\"widget\" data-widget_type=\"heading.default\">\n\t\t\t\t<div class=\"elementor-widget-container\">\n\t\t\t<h2 class=\"elementor-heading-title elementor-size-default\">nostre <br>men\u00fa<\/h2>\t\t<\/div>\n\t\t\t\t<\/div>\n\t\t\t\t<\/div>\n\t\t<div class=\"elementor-element elementor-element-888cffb e-con-full e-flex e-con e-child\" data-id=\"888cffb\" data-element_type=\"container\">\n\t\t\t\t<div class=\"elementor-element elementor-element-2dda8da6 elementor-widget elementor-widget-text-editor\" data-id=\"2dda8da6\" data-element_type=\"widget\" data-widget_type=\"text-editor.default\">\n\t\t\t\t<div class=\"elementor-widget-container\">\n\t\t\t\t\t\t\t<p>Et convidem a explorar el nostre men\u00fa i descobrir els plats que han fet de Can Grions una destinaci\u00f3 culinaria de renom.<\/p>\t\t\t\t\t\t<\/div>\n\t\t\t\t<\/div>\n\t\t\t\t<div class=\"elementor-element elementor-element-f2cb6e6 elementor-tablet-align-center elementor-widget elementor-widget-button\" data-id=\"f2cb6e6\" data-element_type=\"widget\" data-widget_type=\"button.default\">\n\t\t\t\t<div class=\"elementor-widget-container\">\n\t\t\t\t\t<div class=\"elementor-button-wrapper\">\n\t\t\t<a class=\"elementor-button elementor-button-link elementor-size-sm elementor-animation-shrink\" href=\"https:\/\/grions.com\/wp-content\/uploads\/2024\/03\/menu.pdf\" target=\"_blank\">\n\t\t\t\t\t\t<span class=\"elementor-button-content-wrapper\">\n\t\t\t\t\t\t\t\t\t<span class=\"elementor-button-text\">Veure Men\u00fa<\/span>\n\t\t\t\t\t<\/span>\n\t\t\t\t\t<\/a>\n\t\t<\/div>\n\t\t\t\t<\/div>\n\t\t\t\t<\/div>\n\t\t\t\t<\/div>\n\t\t\t\t\t<\/div>\n\t\t\t\t<\/div>\n\t\t<div class=\"elementor-element elementor-element-58ee571b e-flex e-con-boxed e-con e-parent\" data-id=\"58ee571b\" data-element_type=\"container\" data-settings=\"{&quot;background_background&quot;:&quot;classic&quot;}\">\n\t\t\t\t\t<div class=\"e-con-inner\">\n\t\t\t\t<div class=\"elementor-element elementor-element-22af4998 elementor-widget elementor-widget-image\" data-id=\"22af4998\" data-element_type=\"widget\" data-widget_type=\"image.default\">\n\t\t\t\t<div class=\"elementor-widget-container\">\n\t\t\t\t\t\t\t\t\t\t\t\t\t<img loading=\"lazy\" decoding=\"async\" width=\"2048\" height=\"1536\" src=\"https:\/\/grions.com\/wp-content\/uploads\/2024\/03\/2.6-2048x1536.jpg\" class=\"attachment-2048x2048 size-2048x2048 wp-image-625\" alt=\"\" srcset=\"https:\/\/grions.com\/wp-content\/uploads\/2024\/03\/2.6-2048x1536.jpg 2048w, https:\/\/grions.com\/wp-content\/uploads\/2024\/03\/2.6-300x225.jpg 300w, https:\/\/grions.com\/wp-content\/uploads\/2024\/03\/2.6-1024x768.jpg 1024w, https:\/\/grions.com\/wp-content\/uploads\/2024\/03\/2.6-768x576.jpg 768w, https:\/\/grions.com\/wp-content\/uploads\/2024\/03\/2.6-1536x1152.jpg 1536w\" sizes=\"(max-width: 2048px) 100vw, 2048px\" \/>\t\t\t\t\t\t\t\t\t\t\t\t\t<\/div>\n\t\t\t\t<\/div>\n\t\t\t\t\t<\/div>\n\t\t\t\t<\/div>\n\t\t\t\t<\/div>","protected":false},"excerpt":{"rendered":"<p>Restaurante grions Cocina Tradicional En Sant Feliu De Buixalleu Sobre Nosotros Bienvenidos al Restaurante Grions, un lugar donde celebrar la rica gastronom\u00eda de nuestra zona. Ubicado en Grions, Sant Feliu de Buixalleu, comarca de La Selva. Llevamos 38 a\u00f1os deleitando a nuestros clientes y amigos con lo mejor de nuestra cocina de temporada y de [&hellip;]<\/p>","protected":false},"author":1,"featured_media":0,"parent":0,"menu_order":0,"comment_status":"closed","ping_status":"closed","template":"elementor_header_footer","meta":{"footnotes":""},"class_list":["post-86","page","type-page","status-publish","hentry"],"acf":[],"yoast_head":"<!-- This site is optimized with the Yoast SEO plugin v23.1 - https:\/\/yoast.com\/wordpress\/plugins\/seo\/ -->\n<title>Restaurante Grions | Restaurante Can Grions<\/title>\n<meta name=\"description\" content=\"Restaurante grions Cocina Tradicional En Sant Feliu De Buixalleu Sobre Nosotros Bienvenidos al Restaurante Grions, un lugar donde celebrar la rica\" \/>\n<meta name=\"robots\" content=\"index, follow, max-snippet:-1, max-image-preview:large, max-video-preview:-1\" \/>\n<link rel=\"canonical\" href=\"https:\/\/grions.com\/ca\/\" \/>\n<meta property=\"og:locale\" content=\"ca_ES\" \/>\n<meta property=\"og:type\" content=\"article\" \/>\n<meta property=\"og:title\" content=\"Restaurante Grions | Restaurante Can Grions\" \/>\n<meta property=\"og:description\" content=\"Restaurante grions Cocina Tradicional En Sant Feliu De Buixalleu Sobre Nosotros Bienvenidos al Restaurante Grions, un lugar donde celebrar la rica\" \/>\n<meta property=\"og:url\" content=\"https:\/\/grions.com\/ca\/\" \/>\n<meta property=\"og:site_name\" content=\"Restaurante Can Grions\" \/>\n<meta property=\"article:modified_time\" content=\"2026-02-03T08:23:46+00:00\" \/>\n<meta property=\"og:image\" content=\"https:\/\/grions.com\/wp-content\/uploads\/2024\/03\/1.4.jpg\" \/>\n<meta name=\"twitter:card\" content=\"summary_large_image\" \/>\n<meta name=\"twitter:label1\" content=\"Temps estimat de lectura\" \/>\n\t<meta name=\"twitter:data1\" content=\"2 minuts\" \/>\n<script type=\"application\/ld+json\" class=\"yoast-schema-graph\">{\"@context\":\"https:\/\/schema.org\",\"@graph\":[{\"@type\":\"WebPage\",\"@id\":\"https:\/\/grions.com\/\",\"url\":\"https:\/\/grions.com\/\",\"name\":\"Restaurante Grions | Restaurante Can Grions\",\"isPartOf\":{\"@id\":\"https:\/\/grions.com\/#website\"},\"primaryImageOfPage\":{\"@id\":\"https:\/\/grions.com\/#primaryimage\"},\"image\":{\"@id\":\"https:\/\/grions.com\/#primaryimage\"},\"thumbnailUrl\":\"https:\/\/grions.com\/wp-content\/uploads\/2024\/03\/1.4.jpg\",\"datePublished\":\"2023-11-08T12:04:58+00:00\",\"dateModified\":\"2026-02-03T08:23:46+00:00\",\"description\":\"Restaurante grions Cocina Tradicional En Sant Feliu De Buixalleu Sobre Nosotros Bienvenidos al Restaurante Grions, un lugar donde celebrar la rica\",\"breadcrumb\":{\"@id\":\"https:\/\/grions.com\/#breadcrumb\"},\"inLanguage\":\"ca\",\"potentialAction\":[{\"@type\":\"ReadAction\",\"target\":[\"https:\/\/grions.com\/\"]}]},{\"@type\":\"ImageObject\",\"inLanguage\":\"ca\",\"@id\":\"https:\/\/grions.com\/#primaryimage\",\"url\":\"https:\/\/grions.com\/wp-content\/uploads\/2024\/03\/1.4.jpg\",\"contentUrl\":\"https:\/\/grions.com\/wp-content\/uploads\/2024\/03\/1.4.jpg\"},{\"@type\":\"BreadcrumbList\",\"@id\":\"https:\/\/grions.com\/#breadcrumb\",\"itemListElement\":[{\"@type\":\"ListItem\",\"position\":1,\"name\":\"Punt Marketing\",\"item\":\"https:\/\/grions.com\/\"},{\"@type\":\"ListItem\",\"position\":2,\"name\":\"Restaurante Grions\"}]},{\"@type\":\"WebSite\",\"@id\":\"https:\/\/grions.com\/#website\",\"url\":\"https:\/\/grions.com\/\",\"name\":\"Restaurante Can Grions\",\"description\":\"Restaurante de comida mediterr&aacute;nea\",\"publisher\":{\"@id\":\"https:\/\/grions.com\/#organization\"},\"potentialAction\":[{\"@type\":\"SearchAction\",\"target\":{\"@type\":\"EntryPoint\",\"urlTemplate\":\"https:\/\/grions.com\/?s={search_term_string}\"},\"query-input\":\"required name=search_term_string\"}],\"inLanguage\":\"ca\"},{\"@type\":\"Organization\",\"@id\":\"https:\/\/grions.com\/#organization\",\"name\":\"Restaurante Can Grions\",\"url\":\"https:\/\/grions.com\/\",\"logo\":{\"@type\":\"ImageObject\",\"inLanguage\":\"ca\",\"@id\":\"https:\/\/grions.com\/#\/schema\/logo\/image\/\",\"url\":\"https:\/\/grions.com\/wp-content\/uploads\/2023\/11\/Disen\u0303o_sin_ti\u0301tulo__18_-removebg-preview.png\",\"contentUrl\":\"https:\/\/grions.com\/wp-content\/uploads\/2023\/11\/Disen\u0303o_sin_ti\u0301tulo__18_-removebg-preview.png\",\"width\":200,\"height\":100,\"caption\":\"Restaurante Can Grions\"},\"image\":{\"@id\":\"https:\/\/grions.com\/#\/schema\/logo\/image\/\"}}]}<\/script>\n<!-- \/ Yoast SEO plugin. -->","yoast_head_json":{"title":"Restaurante Grions | Restaurante Can Grions","description":"Restaurante grions Cocina Tradicional En Sant Feliu De Buixalleu Sobre Nosotros Bienvenidos al Restaurante Grions, un lugar donde celebrar la rica","robots":{"index":"index","follow":"follow","max-snippet":"max-snippet:-1","max-image-preview":"max-image-preview:large","max-video-preview":"max-video-preview:-1"},"canonical":"https:\/\/grions.com\/ca\/","og_locale":"ca_ES","og_type":"article","og_title":"Restaurante Grions | Restaurante Can Grions","og_description":"Restaurante grions Cocina Tradicional En Sant Feliu De Buixalleu Sobre Nosotros Bienvenidos al Restaurante Grions, un lugar donde celebrar la rica","og_url":"https:\/\/grions.com\/ca\/","og_site_name":"Restaurante Can Grions","article_modified_time":"2026-02-03T08:23:46+00:00","og_image":[{"url":"https:\/\/grions.com\/wp-content\/uploads\/2024\/03\/1.4.jpg"}],"twitter_card":"summary_large_image","twitter_misc":{"Temps estimat de lectura":"2 minuts"},"schema":{"@context":"https:\/\/schema.org","@graph":[{"@type":"WebPage","@id":"https:\/\/grions.com\/","url":"https:\/\/grions.com\/","name":"Restaurante Grions | Restaurante Can Grions","isPartOf":{"@id":"https:\/\/grions.com\/#website"},"primaryImageOfPage":{"@id":"https:\/\/grions.com\/#primaryimage"},"image":{"@id":"https:\/\/grions.com\/#primaryimage"},"thumbnailUrl":"https:\/\/grions.com\/wp-content\/uploads\/2024\/03\/1.4.jpg","datePublished":"2023-11-08T12:04:58+00:00","dateModified":"2026-02-03T08:23:46+00:00","description":"Restaurante grions Cocina Tradicional En Sant Feliu De Buixalleu Sobre Nosotros Bienvenidos al Restaurante Grions, un lugar donde celebrar la rica","breadcrumb":{"@id":"https:\/\/grions.com\/#breadcrumb"},"inLanguage":"ca","potentialAction":[{"@type":"ReadAction","target":["https:\/\/grions.com\/"]}]},{"@type":"ImageObject","inLanguage":"ca","@id":"https:\/\/grions.com\/#primaryimage","url":"https:\/\/grions.com\/wp-content\/uploads\/2024\/03\/1.4.jpg","contentUrl":"https:\/\/grions.com\/wp-content\/uploads\/2024\/03\/1.4.jpg"},{"@type":"BreadcrumbList","@id":"https:\/\/grions.com\/#breadcrumb","itemListElement":[{"@type":"ListItem","position":1,"name":"Punt Marketing","item":"https:\/\/grions.com\/"},{"@type":"ListItem","position":2,"name":"Restaurante Grions"}]},{"@type":"WebSite","@id":"https:\/\/grions.com\/#website","url":"https:\/\/grions.com\/","name":"Restaurante Can Grions","description":"Restaurante de comida mediterr&aacute;nea","publisher":{"@id":"https:\/\/grions.com\/#organization"},"potentialAction":[{"@type":"SearchAction","target":{"@type":"EntryPoint","urlTemplate":"https:\/\/grions.com\/?s={search_term_string}"},"query-input":"required name=search_term_string"}],"inLanguage":"ca"},{"@type":"Organization","@id":"https:\/\/grions.com\/#organization","name":"Restaurante Can Grions","url":"https:\/\/grions.com\/","logo":{"@type":"ImageObject","inLanguage":"ca","@id":"https:\/\/grions.com\/#\/schema\/logo\/image\/","url":"https:\/\/grions.com\/wp-content\/uploads\/2023\/11\/Disen\u0303o_sin_ti\u0301tulo__18_-removebg-preview.png","contentUrl":"https:\/\/grions.com\/wp-content\/uploads\/2023\/11\/Disen\u0303o_sin_ti\u0301tulo__18_-removebg-preview.png","width":200,"height":100,"caption":"Restaurante Can Grions"},"image":{"@id":"https:\/\/grions.com\/#\/schema\/logo\/image\/"}}]}},"_links":{"self":[{"href":"https:\/\/grions.com\/ca\/wp-json\/wp\/v2\/pages\/86"}],"collection":[{"href":"https:\/\/grions.com\/ca\/wp-json\/wp\/v2\/pages"}],"about":[{"href":"https:\/\/grions.com\/ca\/wp-json\/wp\/v2\/types\/page"}],"author":[{"embeddable":true,"href":"https:\/\/grions.com\/ca\/wp-json\/wp\/v2\/users\/1"}],"replies":[{"embeddable":true,"href":"https:\/\/grions.com\/ca\/wp-json\/wp\/v2\/comments?post=86"}],"version-history":[{"count":141,"href":"https:\/\/grions.com\/ca\/wp-json\/wp\/v2\/pages\/86\/revisions"}],"predecessor-version":[{"id":864,"href":"https:\/\/grions.com\/ca\/wp-json\/wp\/v2\/pages\/86\/revisions\/864"}],"wp:attachment":[{"href":"https:\/\/grions.com\/ca\/wp-json\/wp\/v2\/media?parent=86"}],"curies":[{"name":"wp","href":"https:\/\/api.w.org\/{rel}","templated":true}]}}